{"id":436,"date":"2026-01-17T17:46:45","date_gmt":"2026-01-17T17:46:45","guid":{"rendered":"http:\/\/cyrillagel.com\/?page_id=436"},"modified":"2026-01-19T13:03:20","modified_gmt":"2026-01-19T13:03:20","slug":"biography","status":"publish","type":"page","link":"https:\/\/cyrillagel.com\/index.php\/biography\/","title":{"rendered":"BIOGRAPHY"},"content":{"rendered":"\n<figure class=\"wp-block-image aligncenter size-full\"><img loading=\"lazy\" decoding=\"async\" width=\"233\" height=\"350\" src=\"http:\/\/cyrillagel.com\/wp-content\/uploads\/2026\/01\/CyrilLagel.webp\" alt=\"\" class=\"wp-image-440\" srcset=\"https:\/\/cyrillagel.com\/wp-content\/uploads\/2026\/01\/CyrilLagel.webp 233w, https:\/\/cyrillagel.com\/wp-content\/uploads\/2026\/01\/CyrilLagel-200x300.webp 200w\" sizes=\"auto, (max-width: 233px) 100vw, 233px\" \/><\/figure>\n\n\n\n<p class=\"has-text-align-center\"><strong>NATIONALITY : <\/strong>FRENCH<strong>\u2028<\/strong><\/p>\n\n\n\n<p class=\"has-text-align-center\"><strong>BASED :<\/strong> PARIS<\/p>\n\n\n\n<p class=\"has-text-align-center\" id=\"yui_3_17_2_1_1768672180213_482\"><strong>AWARDS<\/strong><br>BEAUTY PHOTOGRAPHER OF THE YEAR 2014, \u00ab INTERNATIONAL FASHION &amp; BEAUTY PHOTOGRAPHY \u00bb. FRANCE<br>ADVERTISING BEAUTY PHOTOGRAPHER, SILVER AWARD 2014, \u00ab ONE EYELAND PHOTOGRAPHY \u00bb. ASIA<\/p>\n\n\n\n<p class=\"has-text-align-center\"><strong>EXHIBITIONS<\/strong><br>\u00ab UNDERWATER DREAMER \u00bb LE BAL DES CR\u00c9ATEURS. SWITZERLAND 2013<br>\u00ab MODA \u00bb CONTEMPORAIN MUSEUM, MANEGE. RUSSIA 2011<br>\u00ab FILM FESTIVAL \u00bb COSY BOX. FRANCE 2011<br>\u00ab INTERNATIONAL FASHION &amp; BEAUTY PHOTOGRAPHY \u00bb. FRANCE 2013, 2014<br>\u00ab BEAUTY ILLUSION \u00bb. SWITZERLAND 2006<\/p>\n\n\n\n<p class=\"has-text-align-center\"><strong>AGENCIES<\/strong><br>MC CANN, PUBLICIS, SID LEE, OGILVY, EURO RSCG, TBWA, MONTO, PREVIEW, RAFINERI, ENJOY, HAVAS SPORT.<\/p>\n\n\n\n<p class=\"has-text-align-center\"><strong>EDITORIALS<\/strong><br>ELLE, AMICA, L\u2019OFFICIEL, GRAZIA,&nbsp;MARIE CLAIRE, 160 GRAMS, GLAMOUR, OOB, VOGUE, GRAZIA, HARPER\u2019S BAZAAR, C AND G, MADAME FIGARO , SCH\u00d6N, PHOTO, MAX, COSMOPOLITAN.<\/p>\n\n\n\n<p class=\"has-text-align-center\"><strong>ADVERTISING<\/strong><br>L\u2019OR\u00c9AL PARIS,&nbsp;SEPHORA, VISA, HEAD &amp; SHOULDERS, LACOSTE, CITRO\u00cbN, SHISEIDO, CHANTAL THOMASS, CARTE NOIRE, POWER PLATE, LAKM\u00c9, LA BIOESTHETIQUE, L\u00c9ONARD, VUARNET, ORANGINA, AZZARO, MOULIN ROUGE, PALAIS DES CONGR\u00c8S DE PARIS, SKYN, THALGO, BEAUGRENELLE, ROWENTA, HAPPY MUSIC, CALOR, PACOMA, BEST WESTERN, MAISON &amp; OBJET, JEANNE GATINEAU, LANCASTER, MEETIC, GEMEY MAYBELLINE, JET TOURS, NESTL\u00c9, PHILIPS, UNIVERSAL, EMI, W9, M6.<\/p>\n\n\n\n<p class=\"has-text-align-center\"><strong>CELEBRITIES<\/strong><br>KENZO TAKADA, AISHWARYA RA\u00cf, ANTOINE BADUEL, SANDARA PARK, MARIO MAURER,&nbsp;H\u00c9L\u00c8NE DE FOUGEROLLES, ANGGUN, NADIA FAR\u00c8S, OPH\u00c9LIE WINTER, HELENA NOGUERA, SONIA ROLLAND, CHARLES AZNAVOUR, NIKOS ALIAGAS, KAREENA KAPOOR, PRINCESS \u00c9RIKA, CORINNE TOUZET, SIDONIE BONNEC, JIN XING, LIANE FOLY, ELODIE GOSSUIN, ST\u00c9PHANE ROTENBERG, BRUNO SALOMONE, STEPHANE FREISS, JEAN PIERRE COFFE, JEAN-MARC MORMECK, TAIG KHRIS.<\/p>\n\n\n\n<hr class=\"wp-block-separator has-alpha-channel-opacity\"\/>\n","protected":false},"excerpt":{"rendered":"<p>NATIONALITY : FRENCH\u2028 BASED : PARIS AWARDSBEAUTY PHOTOGRAPHER OF THE YEAR 2014, \u00ab INTERNATIONAL FASHION &amp; BEAUTY PHOTOGRAPHY \u00bb. FRANCEADVERTISING BEAUTY PHOTOGRAPHER, SILVER AWARD 2014, \u00ab ONE EYELAND PHOTOGRAPHY \u00bb. ASIA EXHIBITIONS\u00ab UNDERWATER DREAMER \u00bb LE BAL DES CR\u00c9ATEURS. SWITZERLAND 2013\u00ab MODA \u00bb CONTEMPORAIN MUSEUM, MANEGE. RUSSIA 2011\u00ab FILM FESTIVAL \u00bb COSY BOX. FRANCE 2011\u00ab [&hellip;]<\/p>\n","protected":false},"author":1,"featured_media":0,"parent":0,"menu_order":0,"comment_status":"closed","ping_status":"closed","template":"page-with-title","meta":{"footnotes":""},"class_list":["post-436","page","type-page","status-publish","hentry"],"yoast_head":"<!-- This site is optimized with the Yoast SEO plugin v27.0 - https:\/\/yoast.com\/product\/yoast-seo-wordpress\/ -->\n<title>BIOGRAPHY - CYRIL LAGEL PHOTOGRAPHY<\/title>\n<meta name=\"description\" content=\"Cyril Lagel Biography photographer Paris\" \/>\n<meta name=\"robots\" content=\"index, follow, max-snippet:-1, max-image-preview:large, max-video-preview:-1\" \/>\n<link rel=\"canonical\" href=\"https:\/\/cyrillagel.com\/index.php\/biography\/\" \/>\n<meta property=\"og:locale\" content=\"fr_FR\" \/>\n<meta property=\"og:type\" content=\"article\" \/>\n<meta property=\"og:title\" content=\"BIOGRAPHY - CYRIL LAGEL PHOTOGRAPHY\" \/>\n<meta property=\"og:description\" content=\"Cyril Lagel Biography photographer Paris\" \/>\n<meta property=\"og:url\" content=\"https:\/\/cyrillagel.com\/index.php\/biography\/\" \/>\n<meta property=\"og:site_name\" content=\"CYRIL LAGEL PHOTOGRAPHY\" \/>\n<meta property=\"article:publisher\" content=\"https:\/\/www.facebook.com\/cyrillagelphotographer\/\" \/>\n<meta property=\"article:modified_time\" content=\"2026-01-19T13:03:20+00:00\" \/>\n<meta property=\"og:image\" content=\"http:\/\/cyrillagel.com\/wp-content\/uploads\/2026\/01\/CyrilLagel.webp\" \/>\n<meta name=\"twitter:card\" content=\"summary_large_image\" \/>\n<meta name=\"twitter:label1\" content=\"Dur\u00e9e de lecture estim\u00e9e\" \/>\n\t<meta name=\"twitter:data1\" content=\"2 minutes\" \/>\n<script type=\"application\/ld+json\" class=\"yoast-schema-graph\">{\"@context\":\"https:\/\/schema.org\",\"@graph\":[{\"@type\":\"WebPage\",\"@id\":\"https:\/\/cyrillagel.com\/index.php\/biography\/\",\"url\":\"https:\/\/cyrillagel.com\/index.php\/biography\/\",\"name\":\"BIOGRAPHY - CYRIL LAGEL PHOTOGRAPHY\",\"isPartOf\":{\"@id\":\"http:\/\/cyrillagel.com\/#website\"},\"primaryImageOfPage\":{\"@id\":\"https:\/\/cyrillagel.com\/index.php\/biography\/#primaryimage\"},\"image\":{\"@id\":\"https:\/\/cyrillagel.com\/index.php\/biography\/#primaryimage\"},\"thumbnailUrl\":\"http:\/\/cyrillagel.com\/wp-content\/uploads\/2026\/01\/CyrilLagel.webp\",\"datePublished\":\"2026-01-17T17:46:45+00:00\",\"dateModified\":\"2026-01-19T13:03:20+00:00\",\"description\":\"Cyril Lagel Biography photographer Paris\",\"breadcrumb\":{\"@id\":\"https:\/\/cyrillagel.com\/index.php\/biography\/#breadcrumb\"},\"inLanguage\":\"fr-FR\",\"potentialAction\":[{\"@type\":\"ReadAction\",\"target\":[\"https:\/\/cyrillagel.com\/index.php\/biography\/\"]}]},{\"@type\":\"ImageObject\",\"inLanguage\":\"fr-FR\",\"@id\":\"https:\/\/cyrillagel.com\/index.php\/biography\/#primaryimage\",\"url\":\"https:\/\/cyrillagel.com\/wp-content\/uploads\/2026\/01\/CyrilLagel.webp\",\"contentUrl\":\"https:\/\/cyrillagel.com\/wp-content\/uploads\/2026\/01\/CyrilLagel.webp\",\"width\":233,\"height\":350},{\"@type\":\"BreadcrumbList\",\"@id\":\"https:\/\/cyrillagel.com\/index.php\/biography\/#breadcrumb\",\"itemListElement\":[{\"@type\":\"ListItem\",\"position\":1,\"name\":\"Accueil\",\"item\":\"http:\/\/cyrillagel.com\/\"},{\"@type\":\"ListItem\",\"position\":2,\"name\":\"BIOGRAPHY\"}]},{\"@type\":\"WebSite\",\"@id\":\"http:\/\/cyrillagel.com\/#website\",\"url\":\"http:\/\/cyrillagel.com\/\",\"name\":\"CYRIL LAGEL PHOTOGRAPHY\",\"description\":\"Beauty Cosmetic &amp; fashion photographer, photographe de beaut\u00e9 cosm\u00e9tique &amp; mode - Paris, France\",\"publisher\":{\"@id\":\"http:\/\/cyrillagel.com\/#organization\"},\"potentialAction\":[{\"@type\":\"SearchAction\",\"target\":{\"@type\":\"EntryPoint\",\"urlTemplate\":\"http:\/\/cyrillagel.com\/?s={search_term_string}\"},\"query-input\":{\"@type\":\"PropertyValueSpecification\",\"valueRequired\":true,\"valueName\":\"search_term_string\"}}],\"inLanguage\":\"fr-FR\"},{\"@type\":\"Organization\",\"@id\":\"http:\/\/cyrillagel.com\/#organization\",\"name\":\"CYRIL LAGEL PHOTOGRAPHY\",\"url\":\"http:\/\/cyrillagel.com\/\",\"logo\":{\"@type\":\"ImageObject\",\"inLanguage\":\"fr-FR\",\"@id\":\"http:\/\/cyrillagel.com\/#\/schema\/logo\/image\/\",\"url\":\"http:\/\/cyrillagel.com\/wp-content\/uploads\/2026\/01\/cyril_lagel-0156.jpg.webp\",\"contentUrl\":\"http:\/\/cyrillagel.com\/wp-content\/uploads\/2026\/01\/cyril_lagel-0156.jpg.webp\",\"width\":2500,\"height\":1667,\"caption\":\"CYRIL LAGEL PHOTOGRAPHY\"},\"image\":{\"@id\":\"http:\/\/cyrillagel.com\/#\/schema\/logo\/image\/\"},\"sameAs\":[\"https:\/\/www.facebook.com\/cyrillagelphotographer\/\",\"https:\/\/www.instagram.com\/cyrillagel\/\"]}]}<\/script>\n<!-- \/ Yoast SEO plugin. -->","yoast_head_json":{"title":"BIOGRAPHY - CYRIL LAGEL PHOTOGRAPHY","description":"Cyril Lagel Biography photographer Paris","robots":{"index":"index","follow":"follow","max-snippet":"max-snippet:-1","max-image-preview":"max-image-preview:large","max-video-preview":"max-video-preview:-1"},"canonical":"https:\/\/cyrillagel.com\/index.php\/biography\/","og_locale":"fr_FR","og_type":"article","og_title":"BIOGRAPHY - CYRIL LAGEL PHOTOGRAPHY","og_description":"Cyril Lagel Biography photographer Paris","og_url":"https:\/\/cyrillagel.com\/index.php\/biography\/","og_site_name":"CYRIL LAGEL PHOTOGRAPHY","article_publisher":"https:\/\/www.facebook.com\/cyrillagelphotographer\/","article_modified_time":"2026-01-19T13:03:20+00:00","og_image":[{"url":"http:\/\/cyrillagel.com\/wp-content\/uploads\/2026\/01\/CyrilLagel.webp","type":"","width":"","height":""}],"twitter_card":"summary_large_image","twitter_misc":{"Dur\u00e9e de lecture estim\u00e9e":"2 minutes"},"schema":{"@context":"https:\/\/schema.org","@graph":[{"@type":"WebPage","@id":"https:\/\/cyrillagel.com\/index.php\/biography\/","url":"https:\/\/cyrillagel.com\/index.php\/biography\/","name":"BIOGRAPHY - CYRIL LAGEL PHOTOGRAPHY","isPartOf":{"@id":"http:\/\/cyrillagel.com\/#website"},"primaryImageOfPage":{"@id":"https:\/\/cyrillagel.com\/index.php\/biography\/#primaryimage"},"image":{"@id":"https:\/\/cyrillagel.com\/index.php\/biography\/#primaryimage"},"thumbnailUrl":"http:\/\/cyrillagel.com\/wp-content\/uploads\/2026\/01\/CyrilLagel.webp","datePublished":"2026-01-17T17:46:45+00:00","dateModified":"2026-01-19T13:03:20+00:00","description":"Cyril Lagel Biography photographer Paris","breadcrumb":{"@id":"https:\/\/cyrillagel.com\/index.php\/biography\/#breadcrumb"},"inLanguage":"fr-FR","potentialAction":[{"@type":"ReadAction","target":["https:\/\/cyrillagel.com\/index.php\/biography\/"]}]},{"@type":"ImageObject","inLanguage":"fr-FR","@id":"https:\/\/cyrillagel.com\/index.php\/biography\/#primaryimage","url":"https:\/\/cyrillagel.com\/wp-content\/uploads\/2026\/01\/CyrilLagel.webp","contentUrl":"https:\/\/cyrillagel.com\/wp-content\/uploads\/2026\/01\/CyrilLagel.webp","width":233,"height":350},{"@type":"BreadcrumbList","@id":"https:\/\/cyrillagel.com\/index.php\/biography\/#breadcrumb","itemListElement":[{"@type":"ListItem","position":1,"name":"Accueil","item":"http:\/\/cyrillagel.com\/"},{"@type":"ListItem","position":2,"name":"BIOGRAPHY"}]},{"@type":"WebSite","@id":"http:\/\/cyrillagel.com\/#website","url":"http:\/\/cyrillagel.com\/","name":"CYRIL LAGEL PHOTOGRAPHY","description":"Beauty Cosmetic &amp; fashion photographer, photographe de beaut\u00e9 cosm\u00e9tique &amp; mode - Paris, France","publisher":{"@id":"http:\/\/cyrillagel.com\/#organization"},"potentialAction":[{"@type":"SearchAction","target":{"@type":"EntryPoint","urlTemplate":"http:\/\/cyrillagel.com\/?s={search_term_string}"},"query-input":{"@type":"PropertyValueSpecification","valueRequired":true,"valueName":"search_term_string"}}],"inLanguage":"fr-FR"},{"@type":"Organization","@id":"http:\/\/cyrillagel.com\/#organization","name":"CYRIL LAGEL PHOTOGRAPHY","url":"http:\/\/cyrillagel.com\/","logo":{"@type":"ImageObject","inLanguage":"fr-FR","@id":"http:\/\/cyrillagel.com\/#\/schema\/logo\/image\/","url":"http:\/\/cyrillagel.com\/wp-content\/uploads\/2026\/01\/cyril_lagel-0156.jpg.webp","contentUrl":"http:\/\/cyrillagel.com\/wp-content\/uploads\/2026\/01\/cyril_lagel-0156.jpg.webp","width":2500,"height":1667,"caption":"CYRIL LAGEL PHOTOGRAPHY"},"image":{"@id":"http:\/\/cyrillagel.com\/#\/schema\/logo\/image\/"},"sameAs":["https:\/\/www.facebook.com\/cyrillagelphotographer\/","https:\/\/www.instagram.com\/cyrillagel\/"]}]}},"_links":{"self":[{"href":"https:\/\/cyrillagel.com\/index.php\/wp-json\/wp\/v2\/pages\/436","targetHints":{"allow":["GET"]}}],"collection":[{"href":"https:\/\/cyrillagel.com\/index.php\/wp-json\/wp\/v2\/pages"}],"about":[{"href":"https:\/\/cyrillagel.com\/index.php\/wp-json\/wp\/v2\/types\/page"}],"author":[{"embeddable":true,"href":"https:\/\/cyrillagel.com\/index.php\/wp-json\/wp\/v2\/users\/1"}],"replies":[{"embeddable":true,"href":"https:\/\/cyrillagel.com\/index.php\/wp-json\/wp\/v2\/comments?post=436"}],"version-history":[{"count":4,"href":"https:\/\/cyrillagel.com\/index.php\/wp-json\/wp\/v2\/pages\/436\/revisions"}],"predecessor-version":[{"id":446,"href":"https:\/\/cyrillagel.com\/index.php\/wp-json\/wp\/v2\/pages\/436\/revisions\/446"}],"wp:attachment":[{"href":"https:\/\/cyrillagel.com\/index.php\/wp-json\/wp\/v2\/media?parent=436"}],"curies":[{"name":"wp","href":"https:\/\/api.w.org\/{rel}","templated":true}]}}